{"id":311,"date":"2020-04-27T08:25:38","date_gmt":"2020-04-27T07:25:38","guid":{"rendered":"https:\/\/www.physiozentrum-muri.ch\/?page_id=311"},"modified":"2024-11-26T16:43:19","modified_gmt":"2024-11-26T15:43:19","slug":"allgemeine-geschaeftsbedingungen","status":"publish","type":"page","link":"https:\/\/www.physiozentrum-muri.ch\/index.php\/allgemeine-geschaeftsbedingungen\/","title":{"rendered":"Allgemeine Gesch\u00e4ftsbedingungen"},"content":{"rendered":"\n<p>Das Physiozentrum Muri ist von allen Krankenkassen und Unfallversicherungen der Schweiz anerkannt. Physiotherapieleistungen sind in der Grundversicherung abgedeckt.<\/p>\n\n\n\n<p><strong>Allgemeine Gesch\u00e4ftsbedingungen (AGB)&nbsp;&nbsp;&nbsp;&nbsp;&nbsp;&nbsp;&nbsp;&nbsp;&nbsp;&nbsp;&nbsp;&nbsp;&nbsp;&nbsp;&nbsp;&nbsp;&nbsp;&nbsp;&nbsp;&nbsp;&nbsp;&nbsp;&nbsp;&nbsp;&nbsp;&nbsp;&nbsp;&nbsp;&nbsp;&nbsp;&nbsp;&nbsp;&nbsp;&nbsp;&nbsp;&nbsp;&nbsp;&nbsp;&nbsp;&nbsp;&nbsp;&nbsp;&nbsp;&nbsp;&nbsp;&nbsp;&nbsp;&nbsp;&nbsp;&nbsp;&nbsp;&nbsp;&nbsp;&nbsp;&nbsp;&nbsp;&nbsp;&nbsp;&nbsp;&nbsp;&nbsp;&nbsp;&nbsp;&nbsp;&nbsp;&nbsp;&nbsp;&nbsp;&nbsp;&nbsp;&nbsp;&nbsp;&nbsp;&nbsp;&nbsp;&nbsp;&nbsp;&nbsp;&nbsp;&nbsp;&nbsp;&nbsp;&nbsp;&nbsp;&nbsp;&nbsp;&nbsp;&nbsp;&nbsp;&nbsp;&nbsp;&nbsp;&nbsp;&nbsp;&nbsp;&nbsp;&nbsp;&nbsp;&nbsp;&nbsp;&nbsp; &nbsp;&nbsp;&nbsp;&nbsp;&nbsp;&nbsp;&nbsp;&nbsp;&nbsp;&nbsp;&nbsp;&nbsp;&nbsp; <\/strong>V.2023-09<strong><\/strong><\/p>\n\n\n\n<p><strong>Termine<\/strong><strong> \/ Terminabsagen<\/strong><br>Termine finden nach Vereinbarung statt. Bei Verhinderung kann ein Termin bis 24 Stunden vorher <strong>ohne Kostenfolge<\/strong> f\u00fcr Sie verschoben werden. Termine k\u00f6nnen nur telefonisch (wenn nicht erreichbar auf Beantworter sprechen) oder per Mail abgemeldet werden. <strong>Vers\u00e4umte Behandlungen werden Ihnen privat verrechnet. <\/strong><strong><\/strong><\/p>\n\n\n\n<p>Terminabsage auf Grund Krankheit der Therapeutin: Wir k\u00f6nnen nicht garantieren, dass Ihr geplanter Termin durch eine andere Therapeutin \u00fcbernommen werden kann. Dies kann zur Folge haben, dass Ihr Termin kurzfristig verschoben werden muss.<\/p>\n\n\n\n<p><strong>Zahlungsbedingungen bei<\/strong> <strong>Privatzahler und Rechnung \u201evers\u00e4umte Konsultation\u201c<\/strong><strong><\/strong><\/p>\n\n\n\n<p>Eine einmalige Behandlung muss direkt bar bezahlt werden. Mehrere Behandlungen in der Folge k\u00f6nnen per Rechnung bezahlt werden. Der Patient verpflichtet sich, die Kosten der Therapien innert 30 Tagen ab Rechnungsdatum zu bezahlen. Bei Zahlungsverzug wird f\u00fcr die 2. Mahnung eine Aufwandskompensation von CHF 20.- erhoben. Nach zwei erfolglosen Mahnungen wird die Betreibung eingeleitet oder der Fall einer Inkassofirma \u00fcbergeben. Die zus\u00e4tzlich anfallenden Kosten gehen zu Ihren Lasten.<\/p>\n\n\n\n<p><strong>Zahlungsbedingungen bei Unfall und Krankheit<\/strong><br>Wir rechnen direkt mit den Krankenkassen und Unfallversicherungen elektronisch ab. Patienten erhalten dann von der Krankenkasse die Abrechnung (die Leistungen werden abz\u00fcglich der jeweiligen Franchise und 10% Selbstbehalt&nbsp; \u00fcbernommen).<\/p>\n\n\n\n<p><strong>Vorleistungspflicht<\/strong><br>Leider kann es vorkommen, dass weder die Unfallversicherung noch die Krankenkasse die Kosten f\u00fcr die Therapie \u00fcbernehmen. Ein sogenannter Leistungsaufschub. In diesem Fall ist der Patient vorleistungspflichtig und muss f\u00fcr die bereits geleisteten Behandlungskosten aufkommen.<\/p>\n\n\n\n<p><strong>Versicherungsschutz<\/strong><br>Die Versicherung ist Sache des Patienten. Das Physiozentrum Muri \u00fcbernimmt keine Haftung f\u00fcr Unfall oder Krankheit durch die Ben\u00fctzung der Ger\u00e4te.<br>F\u00fcr den Verlust von Wertgegenst\u00e4nden lehnt das Physiozentrum Muri jede Haftung ab.<\/p>\n\n\n\n<p><strong>Allgemeines<\/strong><br>In den Praxisr\u00e4umen ist das Handy auf lautlos zu stellen. Die Schuhe werden aus hygienischen Gr\u00fcnden bei der Garderobe ausgezogen.<br>Eine Behandlung ist nicht zeitgebunden, sondern tarifgebunden. Zu sp\u00e4tes Erscheinen in der Therapie wird nicht kompensiert.<\/p>\n\n\n\n<p>Der SMS-Terminversand ist ausschliesslich zum Versenden der Termine von unserer Seite m\u00f6glich. Kein Antworten auf diese Nummer m\u00f6glich.<\/p>\n\n\n\n<p>Das Physiozentrum Muri lehnt sich an die Berufsordnung des Schweizer Physiotherapie Verbandes an.<\/p>\n\n\n\n<p><\/p>\n","protected":false},"excerpt":{"rendered":"<p>Das Physiozentrum Muri ist von allen Krankenkassen und Unfallversicherungen der Schweiz anerkannt. Physiotherapieleistungen sind in der Grundversicherung abgedeckt. Allgemeine Gesch\u00e4ftsbedingungen (AGB)&nbsp;&nbsp;&nbsp;&nbsp;&nbsp;&nbsp;&nbsp;&nbsp;&nbsp;&nbsp;&nbsp;&nbsp;&nbsp;&nbsp;&nbsp;&nbsp;&nbsp;&nbsp;&nbsp;&nbsp;&nbsp;&nbsp;&nbsp;&nbsp;&nbsp;&nbsp;&nbsp;&nbsp;&nbsp;&nbsp;&nbsp;&nbsp;&nbsp;&nbsp;&nbsp;&nbsp;&nbsp;&nbsp;&nbsp;&nbsp;&nbsp;&nbsp;&nbsp;&nbsp;&nbsp;&nbsp;&nbsp;&nbsp;&nbsp;&nbsp;&nbsp;&nbsp;&nbsp;&nbsp;&nbsp;&nbsp;&nbsp;&nbsp;&nbsp;&nbsp;&nbsp;&nbsp;&nbsp;&nbsp;&nbsp;&nbsp;&nbsp;&nbsp;&nbsp;&nbsp;&nbsp;&nbsp;&nbsp;&nbsp;&nbsp;&nbsp;&nbsp;&nbsp;&nbsp;&nbsp;&nbsp;&nbsp;&nbsp;&nbsp;&nbsp;&nbsp;&nbsp;&nbsp;&nbsp;&nbsp;&nbsp;&nbsp;&nbsp;&nbsp;&nbsp;&nbsp;&nbsp;&nbsp;&nbsp;&nbsp;&nbsp; &nbsp;&nbsp;&nbsp;&nbsp;&nbsp;&nbsp;&nbsp;&nbsp;&nbsp;&nbsp;&nbsp;&nbsp;&nbsp; V.2023-09 Termine \/ TerminabsagenTermine finden nach Vereinbarung statt. Bei Verhinderung kann ein Termin bis 24 Stunden vorher ohne<\/p>\n","protected":false},"author":3,"featured_media":0,"parent":0,"menu_order":0,"comment_status":"closed","ping_status":"closed","template":"","meta":{"footnotes":""},"class_list":["post-311","page","type-page","status-publish","hentry"],"yoast_head":"<!-- This site is optimized with the Yoast SEO plugin v26.0 - https:\/\/yoast.com\/wordpress\/plugins\/seo\/ -->\n<title>Allgemeine Gesch\u00e4ftsbedingungen - Physiozentrum Muri<\/title>\n<meta name=\"robots\" content=\"index, follow, max-snippet:-1, max-image-preview:large, max-video-preview:-1\" \/>\n<link rel=\"canonical\" href=\"https:\/\/www.physiozentrum-muri.ch\/index.php\/allgemeine-geschaeftsbedingungen\/\" \/>\n<meta property=\"og:locale\" content=\"de_DE\" \/>\n<meta property=\"og:type\" content=\"article\" \/>\n<meta property=\"og:title\" content=\"Allgemeine Gesch\u00e4ftsbedingungen - Physiozentrum Muri\" \/>\n<meta property=\"og:description\" content=\"Das Physiozentrum Muri ist von allen Krankenkassen und Unfallversicherungen der Schweiz anerkannt. Physiotherapieleistungen sind in der Grundversicherung abgedeckt. Allgemeine Gesch\u00e4ftsbedingungen (AGB)&nbsp;&nbsp;&nbsp;&nbsp;&nbsp;&nbsp;&nbsp;&nbsp;&nbsp;&nbsp;&nbsp;&nbsp;&nbsp;&nbsp;&nbsp;&nbsp;&nbsp;&nbsp;&nbsp;&nbsp;&nbsp;&nbsp;&nbsp;&nbsp;&nbsp;&nbsp;&nbsp;&nbsp;&nbsp;&nbsp;&nbsp;&nbsp;&nbsp;&nbsp;&nbsp;&nbsp;&nbsp;&nbsp;&nbsp;&nbsp;&nbsp;&nbsp;&nbsp;&nbsp;&nbsp;&nbsp;&nbsp;&nbsp;&nbsp;&nbsp;&nbsp;&nbsp;&nbsp;&nbsp;&nbsp;&nbsp;&nbsp;&nbsp;&nbsp;&nbsp;&nbsp;&nbsp;&nbsp;&nbsp;&nbsp;&nbsp;&nbsp;&nbsp;&nbsp;&nbsp;&nbsp;&nbsp;&nbsp;&nbsp;&nbsp;&nbsp;&nbsp;&nbsp;&nbsp;&nbsp;&nbsp;&nbsp;&nbsp;&nbsp;&nbsp;&nbsp;&nbsp;&nbsp;&nbsp;&nbsp;&nbsp;&nbsp;&nbsp;&nbsp;&nbsp;&nbsp;&nbsp;&nbsp;&nbsp;&nbsp;&nbsp; &nbsp;&nbsp;&nbsp;&nbsp;&nbsp;&nbsp;&nbsp;&nbsp;&nbsp;&nbsp;&nbsp;&nbsp;&nbsp; V.2023-09 Termine \/ TerminabsagenTermine finden nach Vereinbarung statt. Bei Verhinderung kann ein Termin bis 24 Stunden vorher ohne\" \/>\n<meta property=\"og:url\" content=\"https:\/\/www.physiozentrum-muri.ch\/index.php\/allgemeine-geschaeftsbedingungen\/\" \/>\n<meta property=\"og:site_name\" content=\"Physiozentrum Muri\" \/>\n<meta property=\"article:modified_time\" content=\"2024-11-26T15:43:19+00:00\" \/>\n<meta name=\"twitter:card\" content=\"summary_large_image\" \/>\n<meta name=\"twitter:label1\" content=\"Gesch\u00e4tzte Lesezeit\" \/>\n\t<meta name=\"twitter:data1\" content=\"2\u00a0Minuten\" \/>\n<script type=\"application\/ld+json\" class=\"yoast-schema-graph\">{\"@context\":\"https:\/\/schema.org\",\"@graph\":[{\"@type\":\"WebPage\",\"@id\":\"https:\/\/www.physiozentrum-muri.ch\/index.php\/allgemeine-geschaeftsbedingungen\/\",\"url\":\"https:\/\/www.physiozentrum-muri.ch\/index.php\/allgemeine-geschaeftsbedingungen\/\",\"name\":\"Allgemeine Gesch\u00e4ftsbedingungen - Physiozentrum Muri\",\"isPartOf\":{\"@id\":\"https:\/\/www.physiozentrum-muri.ch\/#website\"},\"datePublished\":\"2020-04-27T07:25:38+00:00\",\"dateModified\":\"2024-11-26T15:43:19+00:00\",\"breadcrumb\":{\"@id\":\"https:\/\/www.physiozentrum-muri.ch\/index.php\/allgemeine-geschaeftsbedingungen\/#breadcrumb\"},\"inLanguage\":\"de\",\"potentialAction\":[{\"@type\":\"ReadAction\",\"target\":[\"https:\/\/www.physiozentrum-muri.ch\/index.php\/allgemeine-geschaeftsbedingungen\/\"]}]},{\"@type\":\"BreadcrumbList\",\"@id\":\"https:\/\/www.physiozentrum-muri.ch\/index.php\/allgemeine-geschaeftsbedingungen\/#breadcrumb\",\"itemListElement\":[{\"@type\":\"ListItem\",\"position\":1,\"name\":\"Startseite\",\"item\":\"https:\/\/www.physiozentrum-muri.ch\/\"},{\"@type\":\"ListItem\",\"position\":2,\"name\":\"Allgemeine Gesch\u00e4ftsbedingungen\"}]},{\"@type\":\"WebSite\",\"@id\":\"https:\/\/www.physiozentrum-muri.ch\/#website\",\"url\":\"https:\/\/www.physiozentrum-muri.ch\/\",\"name\":\"Physiozentrum Muri\",\"description\":\"Wohlf\u00fchlen und Gesund werden\",\"publisher\":{\"@id\":\"https:\/\/www.physiozentrum-muri.ch\/#organization\"},\"potentialAction\":[{\"@type\":\"SearchAction\",\"target\":{\"@type\":\"EntryPoint\",\"urlTemplate\":\"https:\/\/www.physiozentrum-muri.ch\/?s={search_term_string}\"},\"query-input\":{\"@type\":\"PropertyValueSpecification\",\"valueRequired\":true,\"valueName\":\"search_term_string\"}}],\"inLanguage\":\"de\"},{\"@type\":\"Organization\",\"@id\":\"https:\/\/www.physiozentrum-muri.ch\/#organization\",\"name\":\"Physiozentrum Muri, Nicole Ransburg\",\"url\":\"https:\/\/www.physiozentrum-muri.ch\/\",\"logo\":{\"@type\":\"ImageObject\",\"inLanguage\":\"de\",\"@id\":\"https:\/\/www.physiozentrum-muri.ch\/#\/schema\/logo\/image\/\",\"url\":\"https:\/\/www.physiozentrum-muri.ch\/wp-content\/uploads\/2019\/09\/cropped-Logo-e1569530084229.jpg\",\"contentUrl\":\"https:\/\/www.physiozentrum-muri.ch\/wp-content\/uploads\/2019\/09\/cropped-Logo-e1569530084229.jpg\",\"width\":400,\"height\":114,\"caption\":\"Physiozentrum Muri, Nicole Ransburg\"},\"image\":{\"@id\":\"https:\/\/www.physiozentrum-muri.ch\/#\/schema\/logo\/image\/\"}}]}<\/script>\n<!-- \/ Yoast SEO plugin. -->","yoast_head_json":{"title":"Allgemeine Gesch\u00e4ftsbedingungen - Physiozentrum Muri","robots":{"index":"index","follow":"follow","max-snippet":"max-snippet:-1","max-image-preview":"max-image-preview:large","max-video-preview":"max-video-preview:-1"},"canonical":"https:\/\/www.physiozentrum-muri.ch\/index.php\/allgemeine-geschaeftsbedingungen\/","og_locale":"de_DE","og_type":"article","og_title":"Allgemeine Gesch\u00e4ftsbedingungen - Physiozentrum Muri","og_description":"Das Physiozentrum Muri ist von allen Krankenkassen und Unfallversicherungen der Schweiz anerkannt. Physiotherapieleistungen sind in der Grundversicherung abgedeckt. Allgemeine Gesch\u00e4ftsbedingungen (AGB)&nbsp;&nbsp;&nbsp;&nbsp;&nbsp;&nbsp;&nbsp;&nbsp;&nbsp;&nbsp;&nbsp;&nbsp;&nbsp;&nbsp;&nbsp;&nbsp;&nbsp;&nbsp;&nbsp;&nbsp;&nbsp;&nbsp;&nbsp;&nbsp;&nbsp;&nbsp;&nbsp;&nbsp;&nbsp;&nbsp;&nbsp;&nbsp;&nbsp;&nbsp;&nbsp;&nbsp;&nbsp;&nbsp;&nbsp;&nbsp;&nbsp;&nbsp;&nbsp;&nbsp;&nbsp;&nbsp;&nbsp;&nbsp;&nbsp;&nbsp;&nbsp;&nbsp;&nbsp;&nbsp;&nbsp;&nbsp;&nbsp;&nbsp;&nbsp;&nbsp;&nbsp;&nbsp;&nbsp;&nbsp;&nbsp;&nbsp;&nbsp;&nbsp;&nbsp;&nbsp;&nbsp;&nbsp;&nbsp;&nbsp;&nbsp;&nbsp;&nbsp;&nbsp;&nbsp;&nbsp;&nbsp;&nbsp;&nbsp;&nbsp;&nbsp;&nbsp;&nbsp;&nbsp;&nbsp;&nbsp;&nbsp;&nbsp;&nbsp;&nbsp;&nbsp;&nbsp;&nbsp;&nbsp;&nbsp;&nbsp;&nbsp; &nbsp;&nbsp;&nbsp;&nbsp;&nbsp;&nbsp;&nbsp;&nbsp;&nbsp;&nbsp;&nbsp;&nbsp;&nbsp; V.2023-09 Termine \/ TerminabsagenTermine finden nach Vereinbarung statt. Bei Verhinderung kann ein Termin bis 24 Stunden vorher ohne","og_url":"https:\/\/www.physiozentrum-muri.ch\/index.php\/allgemeine-geschaeftsbedingungen\/","og_site_name":"Physiozentrum Muri","article_modified_time":"2024-11-26T15:43:19+00:00","twitter_card":"summary_large_image","twitter_misc":{"Gesch\u00e4tzte Lesezeit":"2\u00a0Minuten"},"schema":{"@context":"https:\/\/schema.org","@graph":[{"@type":"WebPage","@id":"https:\/\/www.physiozentrum-muri.ch\/index.php\/allgemeine-geschaeftsbedingungen\/","url":"https:\/\/www.physiozentrum-muri.ch\/index.php\/allgemeine-geschaeftsbedingungen\/","name":"Allgemeine Gesch\u00e4ftsbedingungen - Physiozentrum Muri","isPartOf":{"@id":"https:\/\/www.physiozentrum-muri.ch\/#website"},"datePublished":"2020-04-27T07:25:38+00:00","dateModified":"2024-11-26T15:43:19+00:00","breadcrumb":{"@id":"https:\/\/www.physiozentrum-muri.ch\/index.php\/allgemeine-geschaeftsbedingungen\/#breadcrumb"},"inLanguage":"de","potentialAction":[{"@type":"ReadAction","target":["https:\/\/www.physiozentrum-muri.ch\/index.php\/allgemeine-geschaeftsbedingungen\/"]}]},{"@type":"BreadcrumbList","@id":"https:\/\/www.physiozentrum-muri.ch\/index.php\/allgemeine-geschaeftsbedingungen\/#breadcrumb","itemListElement":[{"@type":"ListItem","position":1,"name":"Startseite","item":"https:\/\/www.physiozentrum-muri.ch\/"},{"@type":"ListItem","position":2,"name":"Allgemeine Gesch\u00e4ftsbedingungen"}]},{"@type":"WebSite","@id":"https:\/\/www.physiozentrum-muri.ch\/#website","url":"https:\/\/www.physiozentrum-muri.ch\/","name":"Physiozentrum Muri","description":"Wohlf\u00fchlen und Gesund werden","publisher":{"@id":"https:\/\/www.physiozentrum-muri.ch\/#organization"},"potentialAction":[{"@type":"SearchAction","target":{"@type":"EntryPoint","urlTemplate":"https:\/\/www.physiozentrum-muri.ch\/?s={search_term_string}"},"query-input":{"@type":"PropertyValueSpecification","valueRequired":true,"valueName":"search_term_string"}}],"inLanguage":"de"},{"@type":"Organization","@id":"https:\/\/www.physiozentrum-muri.ch\/#organization","name":"Physiozentrum Muri, Nicole Ransburg","url":"https:\/\/www.physiozentrum-muri.ch\/","logo":{"@type":"ImageObject","inLanguage":"de","@id":"https:\/\/www.physiozentrum-muri.ch\/#\/schema\/logo\/image\/","url":"https:\/\/www.physiozentrum-muri.ch\/wp-content\/uploads\/2019\/09\/cropped-Logo-e1569530084229.jpg","contentUrl":"https:\/\/www.physiozentrum-muri.ch\/wp-content\/uploads\/2019\/09\/cropped-Logo-e1569530084229.jpg","width":400,"height":114,"caption":"Physiozentrum Muri, Nicole Ransburg"},"image":{"@id":"https:\/\/www.physiozentrum-muri.ch\/#\/schema\/logo\/image\/"}}]}},"_links":{"self":[{"href":"https:\/\/www.physiozentrum-muri.ch\/index.php\/wp-json\/wp\/v2\/pages\/311","targetHints":{"allow":["GET"]}}],"collection":[{"href":"https:\/\/www.physiozentrum-muri.ch\/index.php\/wp-json\/wp\/v2\/pages"}],"about":[{"href":"https:\/\/www.physiozentrum-muri.ch\/index.php\/wp-json\/wp\/v2\/types\/page"}],"author":[{"embeddable":true,"href":"https:\/\/www.physiozentrum-muri.ch\/index.php\/wp-json\/wp\/v2\/users\/3"}],"replies":[{"embeddable":true,"href":"https:\/\/www.physiozentrum-muri.ch\/index.php\/wp-json\/wp\/v2\/comments?post=311"}],"version-history":[{"count":3,"href":"https:\/\/www.physiozentrum-muri.ch\/index.php\/wp-json\/wp\/v2\/pages\/311\/revisions"}],"predecessor-version":[{"id":752,"href":"https:\/\/www.physiozentrum-muri.ch\/index.php\/wp-json\/wp\/v2\/pages\/311\/revisions\/752"}],"wp:attachment":[{"href":"https:\/\/www.physiozentrum-muri.ch\/index.php\/wp-json\/wp\/v2\/media?parent=311"}],"curies":[{"name":"wp","href":"https:\/\/api.w.org\/{rel}","templated":true}]}}