{"id":51,"date":"2019-09-02T14:31:36","date_gmt":"2019-09-02T14:31:36","guid":{"rendered":"https:\/\/www.physiozentrum-muri.ch\/?page_id=51"},"modified":"2025-09-02T09:01:03","modified_gmt":"2025-09-02T08:01:03","slug":"nicole-ransburg","status":"publish","type":"page","link":"https:\/\/www.physiozentrum-muri.ch\/index.php\/ueber-uns\/nicole-ransburg\/","title":{"rendered":"Nicole Ransburg"},"content":{"rendered":"\n<div class=\"wp-block-columns is-layout-flex wp-container-core-columns-is-layout-9d6595d7 wp-block-columns-is-layout-flex\">\n<div class=\"wp-block-column is-layout-flow wp-block-column-is-layout-flow\">\n<div class=\"wp-block-media-text alignwide is-stacked-on-mobile\" style=\"grid-template-columns:30% auto\"><figure class=\"wp-block-media-text__media\"><img loading=\"lazy\" decoding=\"async\" width=\"683\" height=\"1024\" src=\"https:\/\/www.physiozentrum-muri.ch\/wp-content\/uploads\/2019\/09\/IMG_7510-683x1024.jpg\" alt=\"\" class=\"wp-image-174 size-large\" srcset=\"https:\/\/www.physiozentrum-muri.ch\/wp-content\/uploads\/2019\/09\/IMG_7510-683x1024.jpg 683w, https:\/\/www.physiozentrum-muri.ch\/wp-content\/uploads\/2019\/09\/IMG_7510-200x300.jpg 200w, https:\/\/www.physiozentrum-muri.ch\/wp-content\/uploads\/2019\/09\/IMG_7510-768x1152.jpg 768w\" sizes=\"auto, (max-width: 683px) 100vw, 683px\" \/><\/figure><div class=\"wp-block-media-text__content\">\n<h2 class=\"wp-block-heading\">Nicole Ransburg <\/h2>\n\n\n\n<p>Dipl. Physio<strong>t<\/strong>herapeutin FH \/ Inhaberin<\/p>\n<\/div><\/div>\n<\/div>\n<\/div>\n\n\n\n<p>Nach meiner Ausbildung zur Physiotherapeutin am Triemli Spital arbeitete ich im Kreisspital f\u00fcr das Freiamt Muri. Dort betreute ich Patienten im ambulanten und station\u00e4ren Bereich aller Fachgebiete. Bis zur Geburt meines Sohnes Jeremy 2011 betreute ich die Studenten der Fachhochschule Winterthur und war stellvertretende Leiterin der Physiotherapie. <\/p>\n\n\n\n<ul class=\"wp-block-list\">\n<li>MPA bei Dr. med. Josef Gut 1999-2002     <\/li>\n\n\n\n<li>Abschluss Physiotherapie-Schule Triemli 2006     <\/li>\n\n\n\n<li>Anstellung Kreisspital Muri 2006 &#8211; 2013     <\/li>\n\n\n\n<li>Seit April 2013 Inhaberin Physiozentrum Muri     <\/li>\n<\/ul>\n\n\n\n<p>Bereits w\u00e4hrend meiner T\u00e4tigkeit am Spital Muri lag meine St\u00e4rke und Vorliebe in der Behandlung ambulanter Patienten. <\/p>\n\n\n\n<p>Dies f\u00fchre ich seit April 2013 in der eigenen Praxis weiter und freue mich mit meinen Mitarbeiterinnen viele Begegnungen und Erfahrungen zu sammeln. Der Kontakt mit den Menschen und die Gesundheit stehen an erster Stelle. <\/p>\n\n\n\n<h4 class=\"wp-block-heading has-medium-font-size\">Meine wichtigsten Aus- und Weiterbildungen <\/h4>\n\n\n\n<ul class=\"wp-block-list\">\n<li>dipl. Biodynamische Craniosacraltherapeutin<\/li>\n\n\n\n<li>Handtherapie \/ Schienenbau, div. Weiterbildungen va posttraumatisch\/ postoperativ in Zusammenarbeit mit Handchirurgie Spital  Muri, Handspezialisten Aarau und Handchirurgie USZ<\/li>\n\n\n\n<li>Betreuung TV Handball Muri<\/li>\n\n\n\n<li>Neurologische Ausbildung nach Bobath<\/li>\n\n\n\n<li>Manuelle Therapie nach Kaltenborn-Evjenth<\/li>\n\n\n\n<li>div. Kurse \/ praktische Erfahrung orthop\u00e4dische\/chirurgische Rehabilitation Schulter, Knie-Prothesen, Kreuzband     <\/li>\n\n\n\n<li>ESP Sporttherapie &#8211; Aktive Rehabilitation der Wirbels\u00e4ule<\/li>\n\n\n\n<li>div.Ausbildungen\/Erfahrung Betreuung der Studenten FH<\/li>\n\n\n\n<li>gewebsorientierte Physiotherapie\/Tastdiagnostik W.Strebel<\/li>\n\n\n\n<li>Kinesio Taping<\/li>\n\n\n\n<li>Nachtr\u00e4glicher Titelerwerb FH<\/li>\n<\/ul>\n","protected":false},"excerpt":{"rendered":"<p>Nicole Ransburg Dipl. Physiotherapeutin FH \/ Inhaberin Nach meiner Ausbildung zur Physiotherapeutin am Triemli Spital arbeitete ich im Kreisspital f\u00fcr das Freiamt Muri. Dort betreute ich Patienten im ambulanten und station\u00e4ren Bereich aller Fachgebiete. Bis zur Geburt meines Sohnes Jeremy<\/p>\n","protected":false},"author":1,"featured_media":0,"parent":47,"menu_order":1,"comment_status":"closed","ping_status":"closed","template":"","meta":{"footnotes":""},"class_list":["post-51","page","type-page","status-publish","hentry"],"yoast_head":"<!-- This site is optimized with the Yoast SEO plugin v26.0 - https:\/\/yoast.com\/wordpress\/plugins\/seo\/ -->\n<title>Nicole Ransburg - Physiozentrum Muri<\/title>\n<meta name=\"robots\" content=\"index, follow, max-snippet:-1, max-image-preview:large, max-video-preview:-1\" \/>\n<link rel=\"canonical\" href=\"https:\/\/www.physiozentrum-muri.ch\/index.php\/ueber-uns\/nicole-ransburg\/\" \/>\n<meta property=\"og:locale\" content=\"de_DE\" \/>\n<meta property=\"og:type\" content=\"article\" \/>\n<meta property=\"og:title\" content=\"Nicole Ransburg - Physiozentrum Muri\" \/>\n<meta property=\"og:description\" content=\"Nicole Ransburg Dipl. Physiotherapeutin FH \/ Inhaberin Nach meiner Ausbildung zur Physiotherapeutin am Triemli Spital arbeitete ich im Kreisspital f\u00fcr das Freiamt Muri. Dort betreute ich Patienten im ambulanten und station\u00e4ren Bereich aller Fachgebiete. Bis zur Geburt meines Sohnes Jeremy\" \/>\n<meta property=\"og:url\" content=\"https:\/\/www.physiozentrum-muri.ch\/index.php\/ueber-uns\/nicole-ransburg\/\" \/>\n<meta property=\"og:site_name\" content=\"Physiozentrum Muri\" \/>\n<meta property=\"article:modified_time\" content=\"2025-09-02T08:01:03+00:00\" \/>\n<meta property=\"og:image\" content=\"https:\/\/www.physiozentrum-muri.ch\/wp-content\/uploads\/2019\/09\/IMG_7510-683x1024.jpg\" \/>\n<meta name=\"twitter:card\" content=\"summary_large_image\" \/>\n<meta name=\"twitter:label1\" content=\"Gesch\u00e4tzte Lesezeit\" \/>\n\t<meta name=\"twitter:data1\" content=\"2\u00a0Minuten\" \/>\n<script type=\"application\/ld+json\" class=\"yoast-schema-graph\">{\"@context\":\"https:\/\/schema.org\",\"@graph\":[{\"@type\":\"WebPage\",\"@id\":\"https:\/\/www.physiozentrum-muri.ch\/index.php\/ueber-uns\/nicole-ransburg\/\",\"url\":\"https:\/\/www.physiozentrum-muri.ch\/index.php\/ueber-uns\/nicole-ransburg\/\",\"name\":\"Nicole Ransburg - Physiozentrum Muri\",\"isPartOf\":{\"@id\":\"https:\/\/www.physiozentrum-muri.ch\/#website\"},\"primaryImageOfPage\":{\"@id\":\"https:\/\/www.physiozentrum-muri.ch\/index.php\/ueber-uns\/nicole-ransburg\/#primaryimage\"},\"image\":{\"@id\":\"https:\/\/www.physiozentrum-muri.ch\/index.php\/ueber-uns\/nicole-ransburg\/#primaryimage\"},\"thumbnailUrl\":\"https:\/\/www.physiozentrum-muri.ch\/wp-content\/uploads\/2019\/09\/IMG_7510-683x1024.jpg\",\"datePublished\":\"2019-09-02T14:31:36+00:00\",\"dateModified\":\"2025-09-02T08:01:03+00:00\",\"breadcrumb\":{\"@id\":\"https:\/\/www.physiozentrum-muri.ch\/index.php\/ueber-uns\/nicole-ransburg\/#breadcrumb\"},\"inLanguage\":\"de\",\"potentialAction\":[{\"@type\":\"ReadAction\",\"target\":[\"https:\/\/www.physiozentrum-muri.ch\/index.php\/ueber-uns\/nicole-ransburg\/\"]}]},{\"@type\":\"ImageObject\",\"inLanguage\":\"de\",\"@id\":\"https:\/\/www.physiozentrum-muri.ch\/index.php\/ueber-uns\/nicole-ransburg\/#primaryimage\",\"url\":\"https:\/\/www.physiozentrum-muri.ch\/wp-content\/uploads\/2019\/09\/IMG_7510.jpg\",\"contentUrl\":\"https:\/\/www.physiozentrum-muri.ch\/wp-content\/uploads\/2019\/09\/IMG_7510.jpg\",\"width\":3670,\"height\":5505},{\"@type\":\"BreadcrumbList\",\"@id\":\"https:\/\/www.physiozentrum-muri.ch\/index.php\/ueber-uns\/nicole-ransburg\/#breadcrumb\",\"itemListElement\":[{\"@type\":\"ListItem\",\"position\":1,\"name\":\"Startseite\",\"item\":\"https:\/\/www.physiozentrum-muri.ch\/\"},{\"@type\":\"ListItem\",\"position\":2,\"name\":\"Team\",\"item\":\"https:\/\/www.physiozentrum-muri.ch\/index.php\/ueber-uns\/\"},{\"@type\":\"ListItem\",\"position\":3,\"name\":\"Nicole Ransburg\"}]},{\"@type\":\"WebSite\",\"@id\":\"https:\/\/www.physiozentrum-muri.ch\/#website\",\"url\":\"https:\/\/www.physiozentrum-muri.ch\/\",\"name\":\"Physiozentrum Muri\",\"description\":\"Wohlf\u00fchlen und Gesund werden\",\"publisher\":{\"@id\":\"https:\/\/www.physiozentrum-muri.ch\/#organization\"},\"potentialAction\":[{\"@type\":\"SearchAction\",\"target\":{\"@type\":\"EntryPoint\",\"urlTemplate\":\"https:\/\/www.physiozentrum-muri.ch\/?s={search_term_string}\"},\"query-input\":{\"@type\":\"PropertyValueSpecification\",\"valueRequired\":true,\"valueName\":\"search_term_string\"}}],\"inLanguage\":\"de\"},{\"@type\":\"Organization\",\"@id\":\"https:\/\/www.physiozentrum-muri.ch\/#organization\",\"name\":\"Physiozentrum Muri, Nicole Ransburg\",\"url\":\"https:\/\/www.physiozentrum-muri.ch\/\",\"logo\":{\"@type\":\"ImageObject\",\"inLanguage\":\"de\",\"@id\":\"https:\/\/www.physiozentrum-muri.ch\/#\/schema\/logo\/image\/\",\"url\":\"https:\/\/www.physiozentrum-muri.ch\/wp-content\/uploads\/2019\/09\/cropped-Logo-e1569530084229.jpg\",\"contentUrl\":\"https:\/\/www.physiozentrum-muri.ch\/wp-content\/uploads\/2019\/09\/cropped-Logo-e1569530084229.jpg\",\"width\":400,\"height\":114,\"caption\":\"Physiozentrum Muri, Nicole Ransburg\"},\"image\":{\"@id\":\"https:\/\/www.physiozentrum-muri.ch\/#\/schema\/logo\/image\/\"}}]}<\/script>\n<!-- \/ Yoast SEO plugin. -->","yoast_head_json":{"title":"Nicole Ransburg - Physiozentrum Muri","robots":{"index":"index","follow":"follow","max-snippet":"max-snippet:-1","max-image-preview":"max-image-preview:large","max-video-preview":"max-video-preview:-1"},"canonical":"https:\/\/www.physiozentrum-muri.ch\/index.php\/ueber-uns\/nicole-ransburg\/","og_locale":"de_DE","og_type":"article","og_title":"Nicole Ransburg - Physiozentrum Muri","og_description":"Nicole Ransburg Dipl. Physiotherapeutin FH \/ Inhaberin Nach meiner Ausbildung zur Physiotherapeutin am Triemli Spital arbeitete ich im Kreisspital f\u00fcr das Freiamt Muri. Dort betreute ich Patienten im ambulanten und station\u00e4ren Bereich aller Fachgebiete. Bis zur Geburt meines Sohnes Jeremy","og_url":"https:\/\/www.physiozentrum-muri.ch\/index.php\/ueber-uns\/nicole-ransburg\/","og_site_name":"Physiozentrum Muri","article_modified_time":"2025-09-02T08:01:03+00:00","og_image":[{"url":"https:\/\/www.physiozentrum-muri.ch\/wp-content\/uploads\/2019\/09\/IMG_7510-683x1024.jpg","type":"","width":"","height":""}],"twitter_card":"summary_large_image","twitter_misc":{"Gesch\u00e4tzte Lesezeit":"2\u00a0Minuten"},"schema":{"@context":"https:\/\/schema.org","@graph":[{"@type":"WebPage","@id":"https:\/\/www.physiozentrum-muri.ch\/index.php\/ueber-uns\/nicole-ransburg\/","url":"https:\/\/www.physiozentrum-muri.ch\/index.php\/ueber-uns\/nicole-ransburg\/","name":"Nicole Ransburg - Physiozentrum Muri","isPartOf":{"@id":"https:\/\/www.physiozentrum-muri.ch\/#website"},"primaryImageOfPage":{"@id":"https:\/\/www.physiozentrum-muri.ch\/index.php\/ueber-uns\/nicole-ransburg\/#primaryimage"},"image":{"@id":"https:\/\/www.physiozentrum-muri.ch\/index.php\/ueber-uns\/nicole-ransburg\/#primaryimage"},"thumbnailUrl":"https:\/\/www.physiozentrum-muri.ch\/wp-content\/uploads\/2019\/09\/IMG_7510-683x1024.jpg","datePublished":"2019-09-02T14:31:36+00:00","dateModified":"2025-09-02T08:01:03+00:00","breadcrumb":{"@id":"https:\/\/www.physiozentrum-muri.ch\/index.php\/ueber-uns\/nicole-ransburg\/#breadcrumb"},"inLanguage":"de","potentialAction":[{"@type":"ReadAction","target":["https:\/\/www.physiozentrum-muri.ch\/index.php\/ueber-uns\/nicole-ransburg\/"]}]},{"@type":"ImageObject","inLanguage":"de","@id":"https:\/\/www.physiozentrum-muri.ch\/index.php\/ueber-uns\/nicole-ransburg\/#primaryimage","url":"https:\/\/www.physiozentrum-muri.ch\/wp-content\/uploads\/2019\/09\/IMG_7510.jpg","contentUrl":"https:\/\/www.physiozentrum-muri.ch\/wp-content\/uploads\/2019\/09\/IMG_7510.jpg","width":3670,"height":5505},{"@type":"BreadcrumbList","@id":"https:\/\/www.physiozentrum-muri.ch\/index.php\/ueber-uns\/nicole-ransburg\/#breadcrumb","itemListElement":[{"@type":"ListItem","position":1,"name":"Startseite","item":"https:\/\/www.physiozentrum-muri.ch\/"},{"@type":"ListItem","position":2,"name":"Team","item":"https:\/\/www.physiozentrum-muri.ch\/index.php\/ueber-uns\/"},{"@type":"ListItem","position":3,"name":"Nicole Ransburg"}]},{"@type":"WebSite","@id":"https:\/\/www.physiozentrum-muri.ch\/#website","url":"https:\/\/www.physiozentrum-muri.ch\/","name":"Physiozentrum Muri","description":"Wohlf\u00fchlen und Gesund werden","publisher":{"@id":"https:\/\/www.physiozentrum-muri.ch\/#organization"},"potentialAction":[{"@type":"SearchAction","target":{"@type":"EntryPoint","urlTemplate":"https:\/\/www.physiozentrum-muri.ch\/?s={search_term_string}"},"query-input":{"@type":"PropertyValueSpecification","valueRequired":true,"valueName":"search_term_string"}}],"inLanguage":"de"},{"@type":"Organization","@id":"https:\/\/www.physiozentrum-muri.ch\/#organization","name":"Physiozentrum Muri, Nicole Ransburg","url":"https:\/\/www.physiozentrum-muri.ch\/","logo":{"@type":"ImageObject","inLanguage":"de","@id":"https:\/\/www.physiozentrum-muri.ch\/#\/schema\/logo\/image\/","url":"https:\/\/www.physiozentrum-muri.ch\/wp-content\/uploads\/2019\/09\/cropped-Logo-e1569530084229.jpg","contentUrl":"https:\/\/www.physiozentrum-muri.ch\/wp-content\/uploads\/2019\/09\/cropped-Logo-e1569530084229.jpg","width":400,"height":114,"caption":"Physiozentrum Muri, Nicole Ransburg"},"image":{"@id":"https:\/\/www.physiozentrum-muri.ch\/#\/schema\/logo\/image\/"}}]}},"_links":{"self":[{"href":"https:\/\/www.physiozentrum-muri.ch\/index.php\/wp-json\/wp\/v2\/pages\/51","targetHints":{"allow":["GET"]}}],"collection":[{"href":"https:\/\/www.physiozentrum-muri.ch\/index.php\/wp-json\/wp\/v2\/pages"}],"about":[{"href":"https:\/\/www.physiozentrum-muri.ch\/index.php\/wp-json\/wp\/v2\/types\/page"}],"author":[{"embeddable":true,"href":"https:\/\/www.physiozentrum-muri.ch\/index.php\/wp-json\/wp\/v2\/users\/1"}],"replies":[{"embeddable":true,"href":"https:\/\/www.physiozentrum-muri.ch\/index.php\/wp-json\/wp\/v2\/comments?post=51"}],"version-history":[{"count":24,"href":"https:\/\/www.physiozentrum-muri.ch\/index.php\/wp-json\/wp\/v2\/pages\/51\/revisions"}],"predecessor-version":[{"id":838,"href":"https:\/\/www.physiozentrum-muri.ch\/index.php\/wp-json\/wp\/v2\/pages\/51\/revisions\/838"}],"up":[{"embeddable":true,"href":"https:\/\/www.physiozentrum-muri.ch\/index.php\/wp-json\/wp\/v2\/pages\/47"}],"wp:attachment":[{"href":"https:\/\/www.physiozentrum-muri.ch\/index.php\/wp-json\/wp\/v2\/media?parent=51"}],"curies":[{"name":"wp","href":"https:\/\/api.w.org\/{rel}","templated":true}]}}