{"id":6,"date":"2019-09-02T14:02:46","date_gmt":"2019-09-02T14:02:46","guid":{"rendered":"https:\/\/www.physiozentrum-muri.ch\/?page_id=6"},"modified":"2023-11-27T07:47:41","modified_gmt":"2023-11-27T06:47:41","slug":"startseite","status":"publish","type":"page","link":"https:\/\/www.physiozentrum-muri.ch\/","title":{"rendered":"Home"},"content":{"rendered":"\n<p>Mit Fachkompetenz unterst\u00fctzen wir Sie therapeutisch in Ihrem Heilungsprozess, der Rehabilitation und Pr\u00e4vention. Dies und die interdisziplin\u00e4re Zusammenarbeit mit den behandelnden \u00c4rzten bilden die Basis f\u00fcr den ganzheitlichen Therapieansatz.<\/p>\n\n\n\n<p>Unter Physiotherapie sehen Sie unser vielf\u00e4ltiges Angebot<\/p>\n\n\n\n<p><strong>F\u00fcr Handtherapie wenden Sie sich direkt an Frau Nicole Ransburg<\/strong><\/p>\n\n\n\n<p>Sie k\u00f6nnen mittels Verordnung vom Arzt oder als Selbstzahler unsere Leistungen in Anspruch nehmen.<\/p>\n","protected":false},"excerpt":{"rendered":"<p>Mit Fachkompetenz unterst\u00fctzen wir Sie therapeutisch in Ihrem Heilungsprozess, der Rehabilitation und Pr\u00e4vention. Dies und die interdisziplin\u00e4re Zusammenarbeit mit den behandelnden \u00c4rzten bilden die Basis f\u00fcr den ganzheitlichen Therapieansatz. Unter Physiotherapie sehen Sie unser vielf\u00e4ltiges Angebot F\u00fcr Handtherapie wenden Sie<\/p>\n","protected":false},"author":1,"featured_media":0,"parent":0,"menu_order":0,"comment_status":"closed","ping_status":"closed","template":"","meta":{"footnotes":""},"class_list":["post-6","page","type-page","status-publish","hentry"],"yoast_head":"<!-- This site is optimized with the Yoast SEO plugin v26.0 - https:\/\/yoast.com\/wordpress\/plugins\/seo\/ -->\n<title>Home - Physiozentrum Muri<\/title>\n<meta name=\"robots\" content=\"index, follow, max-snippet:-1, max-image-preview:large, max-video-preview:-1\" \/>\n<link rel=\"canonical\" href=\"https:\/\/www.physiozentrum-muri.ch\/\" \/>\n<meta property=\"og:locale\" content=\"de_DE\" \/>\n<meta property=\"og:type\" content=\"article\" \/>\n<meta property=\"og:title\" content=\"Home - Physiozentrum Muri\" \/>\n<meta property=\"og:description\" content=\"Mit Fachkompetenz unterst\u00fctzen wir Sie therapeutisch in Ihrem Heilungsprozess, der Rehabilitation und Pr\u00e4vention. Dies und die interdisziplin\u00e4re Zusammenarbeit mit den behandelnden \u00c4rzten bilden die Basis f\u00fcr den ganzheitlichen Therapieansatz. Unter Physiotherapie sehen Sie unser vielf\u00e4ltiges Angebot F\u00fcr Handtherapie wenden Sie\" \/>\n<meta property=\"og:url\" content=\"https:\/\/www.physiozentrum-muri.ch\/\" \/>\n<meta property=\"og:site_name\" content=\"Physiozentrum Muri\" \/>\n<meta property=\"article:modified_time\" content=\"2023-11-27T06:47:41+00:00\" \/>\n<meta name=\"twitter:card\" content=\"summary_large_image\" \/>\n<meta name=\"twitter:label1\" content=\"Gesch\u00e4tzte Lesezeit\" \/>\n\t<meta name=\"twitter:data1\" content=\"1\u00a0Minute\" \/>\n<script type=\"application\/ld+json\" class=\"yoast-schema-graph\">{\"@context\":\"https:\/\/schema.org\",\"@graph\":[{\"@type\":\"WebPage\",\"@id\":\"https:\/\/www.physiozentrum-muri.ch\/\",\"url\":\"https:\/\/www.physiozentrum-muri.ch\/\",\"name\":\"Home - Physiozentrum Muri\",\"isPartOf\":{\"@id\":\"https:\/\/www.physiozentrum-muri.ch\/#website\"},\"datePublished\":\"2019-09-02T14:02:46+00:00\",\"dateModified\":\"2023-11-27T06:47:41+00:00\",\"breadcrumb\":{\"@id\":\"https:\/\/www.physiozentrum-muri.ch\/#breadcrumb\"},\"inLanguage\":\"de\",\"potentialAction\":[{\"@type\":\"ReadAction\",\"target\":[\"https:\/\/www.physiozentrum-muri.ch\/\"]}]},{\"@type\":\"BreadcrumbList\",\"@id\":\"https:\/\/www.physiozentrum-muri.ch\/#breadcrumb\",\"itemListElement\":[{\"@type\":\"ListItem\",\"position\":1,\"name\":\"Startseite\",\"item\":\"https:\/\/www.physiozentrum-muri.ch\/\"},{\"@type\":\"ListItem\",\"position\":2,\"name\":\"Home\"}]},{\"@type\":\"WebSite\",\"@id\":\"https:\/\/www.physiozentrum-muri.ch\/#website\",\"url\":\"https:\/\/www.physiozentrum-muri.ch\/\",\"name\":\"Physiozentrum Muri\",\"description\":\"Wohlf\u00fchlen und Gesund werden\",\"publisher\":{\"@id\":\"https:\/\/www.physiozentrum-muri.ch\/#organization\"},\"potentialAction\":[{\"@type\":\"SearchAction\",\"target\":{\"@type\":\"EntryPoint\",\"urlTemplate\":\"https:\/\/www.physiozentrum-muri.ch\/?s={search_term_string}\"},\"query-input\":{\"@type\":\"PropertyValueSpecification\",\"valueRequired\":true,\"valueName\":\"search_term_string\"}}],\"inLanguage\":\"de\"},{\"@type\":\"Organization\",\"@id\":\"https:\/\/www.physiozentrum-muri.ch\/#organization\",\"name\":\"Physiozentrum Muri, Nicole Ransburg\",\"url\":\"https:\/\/www.physiozentrum-muri.ch\/\",\"logo\":{\"@type\":\"ImageObject\",\"inLanguage\":\"de\",\"@id\":\"https:\/\/www.physiozentrum-muri.ch\/#\/schema\/logo\/image\/\",\"url\":\"https:\/\/www.physiozentrum-muri.ch\/wp-content\/uploads\/2019\/09\/cropped-Logo-e1569530084229.jpg\",\"contentUrl\":\"https:\/\/www.physiozentrum-muri.ch\/wp-content\/uploads\/2019\/09\/cropped-Logo-e1569530084229.jpg\",\"width\":400,\"height\":114,\"caption\":\"Physiozentrum Muri, Nicole Ransburg\"},\"image\":{\"@id\":\"https:\/\/www.physiozentrum-muri.ch\/#\/schema\/logo\/image\/\"}}]}<\/script>\n<!-- \/ Yoast SEO plugin. -->","yoast_head_json":{"title":"Home - Physiozentrum Muri","robots":{"index":"index","follow":"follow","max-snippet":"max-snippet:-1","max-image-preview":"max-image-preview:large","max-video-preview":"max-video-preview:-1"},"canonical":"https:\/\/www.physiozentrum-muri.ch\/","og_locale":"de_DE","og_type":"article","og_title":"Home - Physiozentrum Muri","og_description":"Mit Fachkompetenz unterst\u00fctzen wir Sie therapeutisch in Ihrem Heilungsprozess, der Rehabilitation und Pr\u00e4vention. Dies und die interdisziplin\u00e4re Zusammenarbeit mit den behandelnden \u00c4rzten bilden die Basis f\u00fcr den ganzheitlichen Therapieansatz. Unter Physiotherapie sehen Sie unser vielf\u00e4ltiges Angebot F\u00fcr Handtherapie wenden Sie","og_url":"https:\/\/www.physiozentrum-muri.ch\/","og_site_name":"Physiozentrum Muri","article_modified_time":"2023-11-27T06:47:41+00:00","twitter_card":"summary_large_image","twitter_misc":{"Gesch\u00e4tzte Lesezeit":"1\u00a0Minute"},"schema":{"@context":"https:\/\/schema.org","@graph":[{"@type":"WebPage","@id":"https:\/\/www.physiozentrum-muri.ch\/","url":"https:\/\/www.physiozentrum-muri.ch\/","name":"Home - Physiozentrum Muri","isPartOf":{"@id":"https:\/\/www.physiozentrum-muri.ch\/#website"},"datePublished":"2019-09-02T14:02:46+00:00","dateModified":"2023-11-27T06:47:41+00:00","breadcrumb":{"@id":"https:\/\/www.physiozentrum-muri.ch\/#breadcrumb"},"inLanguage":"de","potentialAction":[{"@type":"ReadAction","target":["https:\/\/www.physiozentrum-muri.ch\/"]}]},{"@type":"BreadcrumbList","@id":"https:\/\/www.physiozentrum-muri.ch\/#breadcrumb","itemListElement":[{"@type":"ListItem","position":1,"name":"Startseite","item":"https:\/\/www.physiozentrum-muri.ch\/"},{"@type":"ListItem","position":2,"name":"Home"}]},{"@type":"WebSite","@id":"https:\/\/www.physiozentrum-muri.ch\/#website","url":"https:\/\/www.physiozentrum-muri.ch\/","name":"Physiozentrum Muri","description":"Wohlf\u00fchlen und Gesund werden","publisher":{"@id":"https:\/\/www.physiozentrum-muri.ch\/#organization"},"potentialAction":[{"@type":"SearchAction","target":{"@type":"EntryPoint","urlTemplate":"https:\/\/www.physiozentrum-muri.ch\/?s={search_term_string}"},"query-input":{"@type":"PropertyValueSpecification","valueRequired":true,"valueName":"search_term_string"}}],"inLanguage":"de"},{"@type":"Organization","@id":"https:\/\/www.physiozentrum-muri.ch\/#organization","name":"Physiozentrum Muri, Nicole Ransburg","url":"https:\/\/www.physiozentrum-muri.ch\/","logo":{"@type":"ImageObject","inLanguage":"de","@id":"https:\/\/www.physiozentrum-muri.ch\/#\/schema\/logo\/image\/","url":"https:\/\/www.physiozentrum-muri.ch\/wp-content\/uploads\/2019\/09\/cropped-Logo-e1569530084229.jpg","contentUrl":"https:\/\/www.physiozentrum-muri.ch\/wp-content\/uploads\/2019\/09\/cropped-Logo-e1569530084229.jpg","width":400,"height":114,"caption":"Physiozentrum Muri, Nicole Ransburg"},"image":{"@id":"https:\/\/www.physiozentrum-muri.ch\/#\/schema\/logo\/image\/"}}]}},"_links":{"self":[{"href":"https:\/\/www.physiozentrum-muri.ch\/index.php\/wp-json\/wp\/v2\/pages\/6","targetHints":{"allow":["GET"]}}],"collection":[{"href":"https:\/\/www.physiozentrum-muri.ch\/index.php\/wp-json\/wp\/v2\/pages"}],"about":[{"href":"https:\/\/www.physiozentrum-muri.ch\/index.php\/wp-json\/wp\/v2\/types\/page"}],"author":[{"embeddable":true,"href":"https:\/\/www.physiozentrum-muri.ch\/index.php\/wp-json\/wp\/v2\/users\/1"}],"replies":[{"embeddable":true,"href":"https:\/\/www.physiozentrum-muri.ch\/index.php\/wp-json\/wp\/v2\/comments?post=6"}],"version-history":[{"count":7,"href":"https:\/\/www.physiozentrum-muri.ch\/index.php\/wp-json\/wp\/v2\/pages\/6\/revisions"}],"predecessor-version":[{"id":675,"href":"https:\/\/www.physiozentrum-muri.ch\/index.php\/wp-json\/wp\/v2\/pages\/6\/revisions\/675"}],"wp:attachment":[{"href":"https:\/\/www.physiozentrum-muri.ch\/index.php\/wp-json\/wp\/v2\/media?parent=6"}],"curies":[{"name":"wp","href":"https:\/\/api.w.org\/{rel}","templated":true}]}}