{"id":741,"date":"2024-11-21T10:26:12","date_gmt":"2024-11-21T09:26:12","guid":{"rendered":"https:\/\/www.physiozentrum-muri.ch\/?page_id=741"},"modified":"2025-09-02T09:07:26","modified_gmt":"2025-09-02T08:07:26","slug":"man","status":"publish","type":"page","link":"https:\/\/www.physiozentrum-muri.ch\/index.php\/ueber-uns\/man\/","title":{"rendered":"Manuel Kaufmann"},"content":{"rendered":"\n<div class=\"wp-block-media-text is-stacked-on-mobile\" style=\"grid-template-columns:30% auto\"><figure class=\"wp-block-media-text__media\"><img loading=\"lazy\" decoding=\"async\" width=\"656\" height=\"900\" src=\"https:\/\/www.physiozentrum-muri.ch\/wp-content\/uploads\/2024\/12\/Manu-Neu-3.jpg\" alt=\"\" class=\"wp-image-785 size-full\" srcset=\"https:\/\/www.physiozentrum-muri.ch\/wp-content\/uploads\/2024\/12\/Manu-Neu-3.jpg 656w, https:\/\/www.physiozentrum-muri.ch\/wp-content\/uploads\/2024\/12\/Manu-Neu-3-219x300.jpg 219w\" sizes=\"auto, (max-width: 656px) 100vw, 656px\" \/><\/figure><div class=\"wp-block-media-text__content\">\n<h1 class=\"wp-block-heading\">Manuel Kaufmann<\/h1>\n\n\n\n<h4 class=\"wp-block-heading\">Dipl. Physiotherapeut FH<\/h4>\n<\/div><\/div>\n\n\n\n<p class=\"has-text-align-left\">W\u00e4hrend meinem Studium konnte ich wertvolle praktische Einblicke in diverse Disziplinen gewinnen, darunter akute Orthop\u00e4die, pulmonale und kardiale Rehabilitation, akut-station\u00e4re Rheumatologie sowie neurologische Rehabilitation mit den Schwerpunkten Schlaganfall und Sch\u00e4del-Hirn-Trauma.<\/p>\n\n\n\n<p class=\"has-text-align-left\">Das Arbeiten im ambulanten Bereich ist f\u00fcr mich sehr spannend, da jeder Tag neue Herausforderungen stellt.<\/p>\n\n\n\n<p>Seit November 2024 unterst\u00fctze ich das Team des Physiozentrum Muri.<\/p>\n\n\n\n<p class=\"has-black-color has-text-color has-medium-font-size\">Meine wichtigsten Aus- und Weiterbildungen<\/p>\n\n\n\n<ul class=\"wp-block-list\">\n<li>ESP Schulter<\/li>\n\n\n\n<li>Kinesio Taping Grundkurs (GK)<\/li>\n\n\n\n<li>Studium an der ZHAW Institut f\u00fcr Physiotherapie<\/li>\n<\/ul>\n\n\n\n<div class=\"wp-block-columns is-layout-flex wp-container-core-columns-is-layout-9d6595d7 wp-block-columns-is-layout-flex\">\n<div class=\"wp-block-column is-layout-flow wp-block-column-is-layout-flow\" style=\"flex-basis:100%\"><\/div>\n<\/div>\n","protected":false},"excerpt":{"rendered":"<p>Manuel Kaufmann Dipl. Physiotherapeut FH W\u00e4hrend meinem Studium konnte ich wertvolle praktische Einblicke in diverse Disziplinen gewinnen, darunter akute Orthop\u00e4die, pulmonale und kardiale Rehabilitation, akut-station\u00e4re Rheumatologie sowie neurologische Rehabilitation mit den Schwerpunkten Schlaganfall und Sch\u00e4del-Hirn-Trauma. Das Arbeiten im ambulanten Bereich<\/p>\n","protected":false},"author":2,"featured_media":0,"parent":47,"menu_order":0,"comment_status":"closed","ping_status":"closed","template":"","meta":{"footnotes":""},"class_list":["post-741","page","type-page","status-publish","hentry"],"yoast_head":"<!-- This site is optimized with the Yoast SEO plugin v26.0 - https:\/\/yoast.com\/wordpress\/plugins\/seo\/ -->\n<title>Manuel Kaufmann - Physiozentrum Muri<\/title>\n<meta name=\"robots\" content=\"index, follow, max-snippet:-1, max-image-preview:large, max-video-preview:-1\" \/>\n<link rel=\"canonical\" href=\"https:\/\/www.physiozentrum-muri.ch\/index.php\/ueber-uns\/man\/\" \/>\n<meta property=\"og:locale\" content=\"de_DE\" \/>\n<meta property=\"og:type\" content=\"article\" \/>\n<meta property=\"og:title\" content=\"Manuel Kaufmann - Physiozentrum Muri\" \/>\n<meta property=\"og:description\" content=\"Manuel Kaufmann Dipl. Physiotherapeut FH W\u00e4hrend meinem Studium konnte ich wertvolle praktische Einblicke in diverse Disziplinen gewinnen, darunter akute Orthop\u00e4die, pulmonale und kardiale Rehabilitation, akut-station\u00e4re Rheumatologie sowie neurologische Rehabilitation mit den Schwerpunkten Schlaganfall und Sch\u00e4del-Hirn-Trauma. Das Arbeiten im ambulanten Bereich\" \/>\n<meta property=\"og:url\" content=\"https:\/\/www.physiozentrum-muri.ch\/index.php\/ueber-uns\/man\/\" \/>\n<meta property=\"og:site_name\" content=\"Physiozentrum Muri\" \/>\n<meta property=\"article:modified_time\" content=\"2025-09-02T08:07:26+00:00\" \/>\n<meta property=\"og:image\" content=\"https:\/\/www.physiozentrum-muri.ch\/wp-content\/uploads\/2024\/12\/Manu-Neu-3.jpg\" \/>\n<meta name=\"twitter:card\" content=\"summary_large_image\" \/>\n<meta name=\"twitter:label1\" content=\"Gesch\u00e4tzte Lesezeit\" \/>\n\t<meta name=\"twitter:data1\" content=\"1\u00a0Minute\" \/>\n<script type=\"application\/ld+json\" class=\"yoast-schema-graph\">{\"@context\":\"https:\/\/schema.org\",\"@graph\":[{\"@type\":\"WebPage\",\"@id\":\"https:\/\/www.physiozentrum-muri.ch\/index.php\/ueber-uns\/man\/\",\"url\":\"https:\/\/www.physiozentrum-muri.ch\/index.php\/ueber-uns\/man\/\",\"name\":\"Manuel Kaufmann - Physiozentrum Muri\",\"isPartOf\":{\"@id\":\"https:\/\/www.physiozentrum-muri.ch\/#website\"},\"primaryImageOfPage\":{\"@id\":\"https:\/\/www.physiozentrum-muri.ch\/index.php\/ueber-uns\/man\/#primaryimage\"},\"image\":{\"@id\":\"https:\/\/www.physiozentrum-muri.ch\/index.php\/ueber-uns\/man\/#primaryimage\"},\"thumbnailUrl\":\"https:\/\/www.physiozentrum-muri.ch\/wp-content\/uploads\/2024\/12\/Manu-Neu-3.jpg\",\"datePublished\":\"2024-11-21T09:26:12+00:00\",\"dateModified\":\"2025-09-02T08:07:26+00:00\",\"breadcrumb\":{\"@id\":\"https:\/\/www.physiozentrum-muri.ch\/index.php\/ueber-uns\/man\/#breadcrumb\"},\"inLanguage\":\"de\",\"potentialAction\":[{\"@type\":\"ReadAction\",\"target\":[\"https:\/\/www.physiozentrum-muri.ch\/index.php\/ueber-uns\/man\/\"]}]},{\"@type\":\"ImageObject\",\"inLanguage\":\"de\",\"@id\":\"https:\/\/www.physiozentrum-muri.ch\/index.php\/ueber-uns\/man\/#primaryimage\",\"url\":\"https:\/\/www.physiozentrum-muri.ch\/wp-content\/uploads\/2024\/12\/Manu-Neu-3.jpg\",\"contentUrl\":\"https:\/\/www.physiozentrum-muri.ch\/wp-content\/uploads\/2024\/12\/Manu-Neu-3.jpg\",\"width\":656,\"height\":900},{\"@type\":\"BreadcrumbList\",\"@id\":\"https:\/\/www.physiozentrum-muri.ch\/index.php\/ueber-uns\/man\/#breadcrumb\",\"itemListElement\":[{\"@type\":\"ListItem\",\"position\":1,\"name\":\"Startseite\",\"item\":\"https:\/\/www.physiozentrum-muri.ch\/\"},{\"@type\":\"ListItem\",\"position\":2,\"name\":\"Team\",\"item\":\"https:\/\/www.physiozentrum-muri.ch\/index.php\/ueber-uns\/\"},{\"@type\":\"ListItem\",\"position\":3,\"name\":\"Manuel Kaufmann\"}]},{\"@type\":\"WebSite\",\"@id\":\"https:\/\/www.physiozentrum-muri.ch\/#website\",\"url\":\"https:\/\/www.physiozentrum-muri.ch\/\",\"name\":\"Physiozentrum Muri\",\"description\":\"Wohlf\u00fchlen und Gesund werden\",\"publisher\":{\"@id\":\"https:\/\/www.physiozentrum-muri.ch\/#organization\"},\"potentialAction\":[{\"@type\":\"SearchAction\",\"target\":{\"@type\":\"EntryPoint\",\"urlTemplate\":\"https:\/\/www.physiozentrum-muri.ch\/?s={search_term_string}\"},\"query-input\":{\"@type\":\"PropertyValueSpecification\",\"valueRequired\":true,\"valueName\":\"search_term_string\"}}],\"inLanguage\":\"de\"},{\"@type\":\"Organization\",\"@id\":\"https:\/\/www.physiozentrum-muri.ch\/#organization\",\"name\":\"Physiozentrum Muri, Nicole Ransburg\",\"url\":\"https:\/\/www.physiozentrum-muri.ch\/\",\"logo\":{\"@type\":\"ImageObject\",\"inLanguage\":\"de\",\"@id\":\"https:\/\/www.physiozentrum-muri.ch\/#\/schema\/logo\/image\/\",\"url\":\"https:\/\/www.physiozentrum-muri.ch\/wp-content\/uploads\/2019\/09\/cropped-Logo-e1569530084229.jpg\",\"contentUrl\":\"https:\/\/www.physiozentrum-muri.ch\/wp-content\/uploads\/2019\/09\/cropped-Logo-e1569530084229.jpg\",\"width\":400,\"height\":114,\"caption\":\"Physiozentrum Muri, Nicole Ransburg\"},\"image\":{\"@id\":\"https:\/\/www.physiozentrum-muri.ch\/#\/schema\/logo\/image\/\"}}]}<\/script>\n<!-- \/ Yoast SEO plugin. -->","yoast_head_json":{"title":"Manuel Kaufmann - Physiozentrum Muri","robots":{"index":"index","follow":"follow","max-snippet":"max-snippet:-1","max-image-preview":"max-image-preview:large","max-video-preview":"max-video-preview:-1"},"canonical":"https:\/\/www.physiozentrum-muri.ch\/index.php\/ueber-uns\/man\/","og_locale":"de_DE","og_type":"article","og_title":"Manuel Kaufmann - Physiozentrum Muri","og_description":"Manuel Kaufmann Dipl. Physiotherapeut FH W\u00e4hrend meinem Studium konnte ich wertvolle praktische Einblicke in diverse Disziplinen gewinnen, darunter akute Orthop\u00e4die, pulmonale und kardiale Rehabilitation, akut-station\u00e4re Rheumatologie sowie neurologische Rehabilitation mit den Schwerpunkten Schlaganfall und Sch\u00e4del-Hirn-Trauma. Das Arbeiten im ambulanten Bereich","og_url":"https:\/\/www.physiozentrum-muri.ch\/index.php\/ueber-uns\/man\/","og_site_name":"Physiozentrum Muri","article_modified_time":"2025-09-02T08:07:26+00:00","og_image":[{"url":"https:\/\/www.physiozentrum-muri.ch\/wp-content\/uploads\/2024\/12\/Manu-Neu-3.jpg","type":"","width":"","height":""}],"twitter_card":"summary_large_image","twitter_misc":{"Gesch\u00e4tzte Lesezeit":"1\u00a0Minute"},"schema":{"@context":"https:\/\/schema.org","@graph":[{"@type":"WebPage","@id":"https:\/\/www.physiozentrum-muri.ch\/index.php\/ueber-uns\/man\/","url":"https:\/\/www.physiozentrum-muri.ch\/index.php\/ueber-uns\/man\/","name":"Manuel Kaufmann - Physiozentrum Muri","isPartOf":{"@id":"https:\/\/www.physiozentrum-muri.ch\/#website"},"primaryImageOfPage":{"@id":"https:\/\/www.physiozentrum-muri.ch\/index.php\/ueber-uns\/man\/#primaryimage"},"image":{"@id":"https:\/\/www.physiozentrum-muri.ch\/index.php\/ueber-uns\/man\/#primaryimage"},"thumbnailUrl":"https:\/\/www.physiozentrum-muri.ch\/wp-content\/uploads\/2024\/12\/Manu-Neu-3.jpg","datePublished":"2024-11-21T09:26:12+00:00","dateModified":"2025-09-02T08:07:26+00:00","breadcrumb":{"@id":"https:\/\/www.physiozentrum-muri.ch\/index.php\/ueber-uns\/man\/#breadcrumb"},"inLanguage":"de","potentialAction":[{"@type":"ReadAction","target":["https:\/\/www.physiozentrum-muri.ch\/index.php\/ueber-uns\/man\/"]}]},{"@type":"ImageObject","inLanguage":"de","@id":"https:\/\/www.physiozentrum-muri.ch\/index.php\/ueber-uns\/man\/#primaryimage","url":"https:\/\/www.physiozentrum-muri.ch\/wp-content\/uploads\/2024\/12\/Manu-Neu-3.jpg","contentUrl":"https:\/\/www.physiozentrum-muri.ch\/wp-content\/uploads\/2024\/12\/Manu-Neu-3.jpg","width":656,"height":900},{"@type":"BreadcrumbList","@id":"https:\/\/www.physiozentrum-muri.ch\/index.php\/ueber-uns\/man\/#breadcrumb","itemListElement":[{"@type":"ListItem","position":1,"name":"Startseite","item":"https:\/\/www.physiozentrum-muri.ch\/"},{"@type":"ListItem","position":2,"name":"Team","item":"https:\/\/www.physiozentrum-muri.ch\/index.php\/ueber-uns\/"},{"@type":"ListItem","position":3,"name":"Manuel Kaufmann"}]},{"@type":"WebSite","@id":"https:\/\/www.physiozentrum-muri.ch\/#website","url":"https:\/\/www.physiozentrum-muri.ch\/","name":"Physiozentrum Muri","description":"Wohlf\u00fchlen und Gesund werden","publisher":{"@id":"https:\/\/www.physiozentrum-muri.ch\/#organization"},"potentialAction":[{"@type":"SearchAction","target":{"@type":"EntryPoint","urlTemplate":"https:\/\/www.physiozentrum-muri.ch\/?s={search_term_string}"},"query-input":{"@type":"PropertyValueSpecification","valueRequired":true,"valueName":"search_term_string"}}],"inLanguage":"de"},{"@type":"Organization","@id":"https:\/\/www.physiozentrum-muri.ch\/#organization","name":"Physiozentrum Muri, Nicole Ransburg","url":"https:\/\/www.physiozentrum-muri.ch\/","logo":{"@type":"ImageObject","inLanguage":"de","@id":"https:\/\/www.physiozentrum-muri.ch\/#\/schema\/logo\/image\/","url":"https:\/\/www.physiozentrum-muri.ch\/wp-content\/uploads\/2019\/09\/cropped-Logo-e1569530084229.jpg","contentUrl":"https:\/\/www.physiozentrum-muri.ch\/wp-content\/uploads\/2019\/09\/cropped-Logo-e1569530084229.jpg","width":400,"height":114,"caption":"Physiozentrum Muri, Nicole Ransburg"},"image":{"@id":"https:\/\/www.physiozentrum-muri.ch\/#\/schema\/logo\/image\/"}}]}},"_links":{"self":[{"href":"https:\/\/www.physiozentrum-muri.ch\/index.php\/wp-json\/wp\/v2\/pages\/741","targetHints":{"allow":["GET"]}}],"collection":[{"href":"https:\/\/www.physiozentrum-muri.ch\/index.php\/wp-json\/wp\/v2\/pages"}],"about":[{"href":"https:\/\/www.physiozentrum-muri.ch\/index.php\/wp-json\/wp\/v2\/types\/page"}],"author":[{"embeddable":true,"href":"https:\/\/www.physiozentrum-muri.ch\/index.php\/wp-json\/wp\/v2\/users\/2"}],"replies":[{"embeddable":true,"href":"https:\/\/www.physiozentrum-muri.ch\/index.php\/wp-json\/wp\/v2\/comments?post=741"}],"version-history":[{"count":16,"href":"https:\/\/www.physiozentrum-muri.ch\/index.php\/wp-json\/wp\/v2\/pages\/741\/revisions"}],"predecessor-version":[{"id":844,"href":"https:\/\/www.physiozentrum-muri.ch\/index.php\/wp-json\/wp\/v2\/pages\/741\/revisions\/844"}],"up":[{"embeddable":true,"href":"https:\/\/www.physiozentrum-muri.ch\/index.php\/wp-json\/wp\/v2\/pages\/47"}],"wp:attachment":[{"href":"https:\/\/www.physiozentrum-muri.ch\/index.php\/wp-json\/wp\/v2\/media?parent=741"}],"curies":[{"name":"wp","href":"https:\/\/api.w.org\/{rel}","templated":true}]}}