{"id":87,"date":"2019-09-02T15:20:32","date_gmt":"2019-09-02T15:20:32","guid":{"rendered":"https:\/\/www.physiozentrum-muri.ch\/?page_id=87"},"modified":"2024-01-20T12:51:02","modified_gmt":"2024-01-20T11:51:02","slug":"anmeldung","status":"publish","type":"page","link":"https:\/\/www.physiozentrum-muri.ch\/index.php\/anmeldung\/","title":{"rendered":"Kontakt"},"content":{"rendered":"\n<p>Haben Sie eine Verordnung vom Arzt oder m\u00f6chten Sie Leistungen als  Selbstzahler in Anspruch nehmen? <\/p>\n\n\n\n<p>Sie k\u00f6nnen uns mit dem untenstehenden Kontaktformular eine Nachricht \u00fcbermitteln.<\/p>\n\n\n\n<p>Wir freuen uns \u00fcber Ihre  Anmeldung. <\/p>\n\n\n\n<p><strong>056 664 80 40<\/strong> <\/p>\n\n\n\n<p><strong>physiozentrum-muri@hin.physio<\/strong><\/p>\n\n\n\n<div class=\"wp-block-contact-form-7-contact-form-selector\">\n<div class=\"wpcf7 no-js\" id=\"wpcf7-f684-o1\" lang=\"de-DE\" dir=\"ltr\" data-wpcf7-id=\"684\">\n<div class=\"screen-reader-response\"><p role=\"status\" aria-live=\"polite\" aria-atomic=\"true\"><\/p> <ul><\/ul><\/div>\n<form action=\"\/index.php\/wp-json\/wp\/v2\/pages\/87#wpcf7-f684-o1\" method=\"post\" class=\"wpcf7-form init\" aria-label=\"Kontaktformular\" enctype=\"multipart\/form-data\" novalidate=\"novalidate\" data-status=\"init\">\n<fieldset class=\"hidden-fields-container\"><input type=\"hidden\" name=\"_wpcf7\" value=\"684\" \/><input type=\"hidden\" name=\"_wpcf7_version\" value=\"6.1.1\" \/><input type=\"hidden\" name=\"_wpcf7_locale\" value=\"de_DE\" \/><input type=\"hidden\" name=\"_wpcf7_unit_tag\" value=\"wpcf7-f684-o1\" \/><input type=\"hidden\" name=\"_wpcf7_container_post\" value=\"0\" \/><input type=\"hidden\" name=\"_wpcf7_posted_data_hash\" value=\"\" \/>\n<\/fieldset>\n<p><label> Name*<br \/>\n<span class=\"wpcf7-form-control-wrap\" data-name=\"your-name\"><input size=\"40\" maxlength=\"400\" class=\"wpcf7-form-control wpcf7-text wpcf7-validates-as-required\" autocomplete=\"name\" aria-required=\"true\" aria-invalid=\"false\" value=\"\" type=\"text\" name=\"your-name\" \/><\/span> <\/label>\n<\/p>\n<p><label> E-Mail-Adresse*<br \/>\n<span class=\"wpcf7-form-control-wrap\" data-name=\"your-email\"><input size=\"40\" maxlength=\"400\" class=\"wpcf7-form-control wpcf7-email wpcf7-validates-as-required wpcf7-text wpcf7-validates-as-email\" autocomplete=\"email\" aria-required=\"true\" aria-invalid=\"false\" value=\"\" type=\"email\" name=\"your-email\" \/><\/span> <\/label>\n<\/p>\n<p><label> Telefonnummer*<br \/>\n<span class=\"wpcf7-form-control-wrap\" data-name=\"Telefon\"><input size=\"40\" maxlength=\"400\" class=\"wpcf7-form-control wpcf7-tel wpcf7-validates-as-required wpcf7-text wpcf7-validates-as-tel\" autocomplete=\"phone\" aria-required=\"true\" aria-invalid=\"false\" value=\"\" type=\"tel\" name=\"Telefon\" \/><\/span> <\/label>\n<\/p>\n<p><label> Betreff<br \/>\n<span class=\"wpcf7-form-control-wrap\" data-name=\"your-subject\"><input size=\"40\" maxlength=\"400\" class=\"wpcf7-form-control wpcf7-text wpcf7-validates-as-required\" aria-required=\"true\" aria-invalid=\"false\" value=\"\" type=\"text\" name=\"your-subject\" \/><\/span> <\/label>\n<\/p>\n<p><label> Nachricht*<br \/>\n<span class=\"wpcf7-form-control-wrap\" data-name=\"your-message\"><textarea cols=\"40\" rows=\"10\" maxlength=\"2000\" class=\"wpcf7-form-control wpcf7-textarea wpcf7-validates-as-required\" aria-required=\"true\" aria-invalid=\"false\" name=\"your-message\"><\/textarea><\/span> <\/label>\n<\/p>\n<p><label> Verf\u00fcgbareit<br \/>\n<span class=\"wpcf7-form-control-wrap\" data-name=\"menu-350\"><select class=\"wpcf7-form-control wpcf7-select\" aria-invalid=\"false\" multiple=\"multiple\" name=\"menu-350[]\"><option value=\"\">&#8211; Bitte ausw\u00e4hlen &#8211;<\/option><option value=\"Morgen (Randtermine)\">Morgen (Randtermine)<\/option><option value=\"Vormittag\">Vormittag<\/option><option value=\"\u00dcber Mittag\">\u00dcber Mittag<\/option><option value=\"Nachmittag\">Nachmittag<\/option><option value=\"Abend (Randtermine)\">Abend (Randtermine)<\/option><\/select><\/span> <\/label>\n<\/p>\n<p><label> Zeitangaben f\u00fcr Termine (flexibel oder spezielle W\u00fcnsche?)*<br \/>\n<span class=\"wpcf7-form-control-wrap\" data-name=\"your-message\"><textarea cols=\"40\" rows=\"10\" maxlength=\"2000\" class=\"wpcf7-form-control wpcf7-textarea wpcf7-validates-as-required\" aria-required=\"true\" aria-invalid=\"false\" name=\"your-message\"><\/textarea><\/span> <\/label>\n<\/p>\n<p>Bitte laden Sie hier Ihre Verordnung hoch.<br \/>\n<span class=\"wpcf7-form-control-wrap\" data-name=\"file-75\"><input size=\"40\" class=\"wpcf7-form-control wpcf7-file\" accept=\".pdf,.jpg,.png\" aria-invalid=\"false\" type=\"file\" name=\"file-75\" \/><\/span>\n<\/p>\n<p><input class=\"wpcf7-form-control wpcf7-submit has-spinner\" type=\"submit\" value=\"Senden\" \/>\n<\/p><div class=\"wpcf7-response-output\" aria-hidden=\"true\"><\/div>\n<\/form>\n<\/div>\n<\/div>\n","protected":false},"excerpt":{"rendered":"<p>Haben Sie eine Verordnung vom Arzt oder m\u00f6chten Sie Leistungen als Selbstzahler in Anspruch nehmen? Sie k\u00f6nnen uns mit dem untenstehenden Kontaktformular eine Nachricht \u00fcbermitteln. Wir freuen uns \u00fcber Ihre Anmeldung. 056 664 80 40 physiozentrum-muri@hin.physio<\/p>\n","protected":false},"author":1,"featured_media":0,"parent":0,"menu_order":0,"comment_status":"closed","ping_status":"closed","template":"","meta":{"footnotes":""},"class_list":["post-87","page","type-page","status-publish","hentry"],"yoast_head":"<!-- This site is optimized with the Yoast SEO plugin v26.0 - https:\/\/yoast.com\/wordpress\/plugins\/seo\/ -->\n<title>Kontakt - Physiozentrum Muri<\/title>\n<meta name=\"robots\" content=\"index, follow, max-snippet:-1, max-image-preview:large, max-video-preview:-1\" \/>\n<link rel=\"canonical\" href=\"https:\/\/www.physiozentrum-muri.ch\/index.php\/anmeldung\/\" \/>\n<meta property=\"og:locale\" content=\"de_DE\" \/>\n<meta property=\"og:type\" content=\"article\" \/>\n<meta property=\"og:title\" content=\"Kontakt - Physiozentrum Muri\" \/>\n<meta property=\"og:description\" content=\"Haben Sie eine Verordnung vom Arzt oder m\u00f6chten Sie Leistungen als Selbstzahler in Anspruch nehmen? Sie k\u00f6nnen uns mit dem untenstehenden Kontaktformular eine Nachricht \u00fcbermitteln. Wir freuen uns \u00fcber Ihre Anmeldung. 056 664 80 40 physiozentrum-muri@hin.physio\" \/>\n<meta property=\"og:url\" content=\"https:\/\/www.physiozentrum-muri.ch\/index.php\/anmeldung\/\" \/>\n<meta property=\"og:site_name\" content=\"Physiozentrum Muri\" \/>\n<meta property=\"article:modified_time\" content=\"2024-01-20T11:51:02+00:00\" \/>\n<meta name=\"twitter:card\" content=\"summary_large_image\" \/>\n<meta name=\"twitter:label1\" content=\"Gesch\u00e4tzte Lesezeit\" \/>\n\t<meta name=\"twitter:data1\" content=\"1\u00a0Minute\" \/>\n<script type=\"application\/ld+json\" class=\"yoast-schema-graph\">{\"@context\":\"https:\/\/schema.org\",\"@graph\":[{\"@type\":\"WebPage\",\"@id\":\"https:\/\/www.physiozentrum-muri.ch\/index.php\/anmeldung\/\",\"url\":\"https:\/\/www.physiozentrum-muri.ch\/index.php\/anmeldung\/\",\"name\":\"Kontakt - Physiozentrum Muri\",\"isPartOf\":{\"@id\":\"https:\/\/www.physiozentrum-muri.ch\/#website\"},\"datePublished\":\"2019-09-02T15:20:32+00:00\",\"dateModified\":\"2024-01-20T11:51:02+00:00\",\"breadcrumb\":{\"@id\":\"https:\/\/www.physiozentrum-muri.ch\/index.php\/anmeldung\/#breadcrumb\"},\"inLanguage\":\"de\",\"potentialAction\":[{\"@type\":\"ReadAction\",\"target\":[\"https:\/\/www.physiozentrum-muri.ch\/index.php\/anmeldung\/\"]}]},{\"@type\":\"BreadcrumbList\",\"@id\":\"https:\/\/www.physiozentrum-muri.ch\/index.php\/anmeldung\/#breadcrumb\",\"itemListElement\":[{\"@type\":\"ListItem\",\"position\":1,\"name\":\"Startseite\",\"item\":\"https:\/\/www.physiozentrum-muri.ch\/\"},{\"@type\":\"ListItem\",\"position\":2,\"name\":\"Kontakt\"}]},{\"@type\":\"WebSite\",\"@id\":\"https:\/\/www.physiozentrum-muri.ch\/#website\",\"url\":\"https:\/\/www.physiozentrum-muri.ch\/\",\"name\":\"Physiozentrum Muri\",\"description\":\"Wohlf\u00fchlen und Gesund werden\",\"publisher\":{\"@id\":\"https:\/\/www.physiozentrum-muri.ch\/#organization\"},\"potentialAction\":[{\"@type\":\"SearchAction\",\"target\":{\"@type\":\"EntryPoint\",\"urlTemplate\":\"https:\/\/www.physiozentrum-muri.ch\/?s={search_term_string}\"},\"query-input\":{\"@type\":\"PropertyValueSpecification\",\"valueRequired\":true,\"valueName\":\"search_term_string\"}}],\"inLanguage\":\"de\"},{\"@type\":\"Organization\",\"@id\":\"https:\/\/www.physiozentrum-muri.ch\/#organization\",\"name\":\"Physiozentrum Muri, Nicole Ransburg\",\"url\":\"https:\/\/www.physiozentrum-muri.ch\/\",\"logo\":{\"@type\":\"ImageObject\",\"inLanguage\":\"de\",\"@id\":\"https:\/\/www.physiozentrum-muri.ch\/#\/schema\/logo\/image\/\",\"url\":\"https:\/\/www.physiozentrum-muri.ch\/wp-content\/uploads\/2019\/09\/cropped-Logo-e1569530084229.jpg\",\"contentUrl\":\"https:\/\/www.physiozentrum-muri.ch\/wp-content\/uploads\/2019\/09\/cropped-Logo-e1569530084229.jpg\",\"width\":400,\"height\":114,\"caption\":\"Physiozentrum Muri, Nicole Ransburg\"},\"image\":{\"@id\":\"https:\/\/www.physiozentrum-muri.ch\/#\/schema\/logo\/image\/\"}}]}<\/script>\n<!-- \/ Yoast SEO plugin. -->","yoast_head_json":{"title":"Kontakt - Physiozentrum Muri","robots":{"index":"index","follow":"follow","max-snippet":"max-snippet:-1","max-image-preview":"max-image-preview:large","max-video-preview":"max-video-preview:-1"},"canonical":"https:\/\/www.physiozentrum-muri.ch\/index.php\/anmeldung\/","og_locale":"de_DE","og_type":"article","og_title":"Kontakt - Physiozentrum Muri","og_description":"Haben Sie eine Verordnung vom Arzt oder m\u00f6chten Sie Leistungen als Selbstzahler in Anspruch nehmen? Sie k\u00f6nnen uns mit dem untenstehenden Kontaktformular eine Nachricht \u00fcbermitteln. Wir freuen uns \u00fcber Ihre Anmeldung. 056 664 80 40 physiozentrum-muri@hin.physio","og_url":"https:\/\/www.physiozentrum-muri.ch\/index.php\/anmeldung\/","og_site_name":"Physiozentrum Muri","article_modified_time":"2024-01-20T11:51:02+00:00","twitter_card":"summary_large_image","twitter_misc":{"Gesch\u00e4tzte Lesezeit":"1\u00a0Minute"},"schema":{"@context":"https:\/\/schema.org","@graph":[{"@type":"WebPage","@id":"https:\/\/www.physiozentrum-muri.ch\/index.php\/anmeldung\/","url":"https:\/\/www.physiozentrum-muri.ch\/index.php\/anmeldung\/","name":"Kontakt - Physiozentrum Muri","isPartOf":{"@id":"https:\/\/www.physiozentrum-muri.ch\/#website"},"datePublished":"2019-09-02T15:20:32+00:00","dateModified":"2024-01-20T11:51:02+00:00","breadcrumb":{"@id":"https:\/\/www.physiozentrum-muri.ch\/index.php\/anmeldung\/#breadcrumb"},"inLanguage":"de","potentialAction":[{"@type":"ReadAction","target":["https:\/\/www.physiozentrum-muri.ch\/index.php\/anmeldung\/"]}]},{"@type":"BreadcrumbList","@id":"https:\/\/www.physiozentrum-muri.ch\/index.php\/anmeldung\/#breadcrumb","itemListElement":[{"@type":"ListItem","position":1,"name":"Startseite","item":"https:\/\/www.physiozentrum-muri.ch\/"},{"@type":"ListItem","position":2,"name":"Kontakt"}]},{"@type":"WebSite","@id":"https:\/\/www.physiozentrum-muri.ch\/#website","url":"https:\/\/www.physiozentrum-muri.ch\/","name":"Physiozentrum Muri","description":"Wohlf\u00fchlen und Gesund werden","publisher":{"@id":"https:\/\/www.physiozentrum-muri.ch\/#organization"},"potentialAction":[{"@type":"SearchAction","target":{"@type":"EntryPoint","urlTemplate":"https:\/\/www.physiozentrum-muri.ch\/?s={search_term_string}"},"query-input":{"@type":"PropertyValueSpecification","valueRequired":true,"valueName":"search_term_string"}}],"inLanguage":"de"},{"@type":"Organization","@id":"https:\/\/www.physiozentrum-muri.ch\/#organization","name":"Physiozentrum Muri, Nicole Ransburg","url":"https:\/\/www.physiozentrum-muri.ch\/","logo":{"@type":"ImageObject","inLanguage":"de","@id":"https:\/\/www.physiozentrum-muri.ch\/#\/schema\/logo\/image\/","url":"https:\/\/www.physiozentrum-muri.ch\/wp-content\/uploads\/2019\/09\/cropped-Logo-e1569530084229.jpg","contentUrl":"https:\/\/www.physiozentrum-muri.ch\/wp-content\/uploads\/2019\/09\/cropped-Logo-e1569530084229.jpg","width":400,"height":114,"caption":"Physiozentrum Muri, Nicole Ransburg"},"image":{"@id":"https:\/\/www.physiozentrum-muri.ch\/#\/schema\/logo\/image\/"}}]}},"_links":{"self":[{"href":"https:\/\/www.physiozentrum-muri.ch\/index.php\/wp-json\/wp\/v2\/pages\/87","targetHints":{"allow":["GET"]}}],"collection":[{"href":"https:\/\/www.physiozentrum-muri.ch\/index.php\/wp-json\/wp\/v2\/pages"}],"about":[{"href":"https:\/\/www.physiozentrum-muri.ch\/index.php\/wp-json\/wp\/v2\/types\/page"}],"author":[{"embeddable":true,"href":"https:\/\/www.physiozentrum-muri.ch\/index.php\/wp-json\/wp\/v2\/users\/1"}],"replies":[{"embeddable":true,"href":"https:\/\/www.physiozentrum-muri.ch\/index.php\/wp-json\/wp\/v2\/comments?post=87"}],"version-history":[{"count":15,"href":"https:\/\/www.physiozentrum-muri.ch\/index.php\/wp-json\/wp\/v2\/pages\/87\/revisions"}],"predecessor-version":[{"id":687,"href":"https:\/\/www.physiozentrum-muri.ch\/index.php\/wp-json\/wp\/v2\/pages\/87\/revisions\/687"}],"wp:attachment":[{"href":"https:\/\/www.physiozentrum-muri.ch\/index.php\/wp-json\/wp\/v2\/media?parent=87"}],"curies":[{"name":"wp","href":"https:\/\/api.w.org\/{rel}","templated":true}]}}